{"id":9,"date":"2015-03-24T16:39:24","date_gmt":"2015-03-24T16:39:24","guid":{"rendered":"http:\/\/specht.aaronkarger.com\/?page_id=9"},"modified":"2015-03-24T16:39:24","modified_gmt":"2015-03-24T16:39:24","slug":"gastebuch","status":"publish","type":"page","link":"http:\/\/www.specht-krimis.at\/?page_id=9","title":{"rendered":"G\u00e4stebuch"},"content":{"rendered":"<div class=\"gwolle-gb\"><div class=\"gwolle_gb_messages_top_container\"><\/div>\n\t\t\t<div class=\"gwolle-gb-write-button\">\n\t\t\t\t<input type=\"button\" name=\"gwolle-gb-write-button\" class=\"button btn btn-default \" value=\"&raquo; Neuen Eintrag schreiben\" \/>\n\t\t\t<\/div>\n\t\t\t<form action=\"#\" method=\"POST\" class=\"gwolle-gb-write gwolle-gb-hide gwolle-gb-float gwolle_gb_form_ajax gwolle-gb-form-ajax\">\n\t\t\t\t<h3>Neuen Eintrag f&uuml;r das G&auml;stebuch verfassen<\/h3>\n\t\t\t\t<button type=\"button\" class=\"gb-notice-dismiss\">x<span class=\"screen-reader-text\">Dieses Formular ausblenden<\/span><\/button>\n\t\t\t\n\t\t\t\t<input type=\"hidden\" name=\"gwolle_gb_function\" class=\"gwolle_gb_function\" value=\"add_entry\" \/><input type=\"hidden\" name=\"gwolle_gb_book_id\" class=\"gwolle_gb_book_id\" value=\"1\" \/><div class=\"gwolle_gb_cb1b9251c55403a8e1dff04871b64adc\">\n\t\t\t\t<div class=\"label\"><label for=\"gwolle_gb_cb1b9251c55403a8e1dff04871b64adc\" class=\"text-info\">Name *<\/label><\/div>\n\t\t\t\t<div class=\"input\"><input class=\"wp-exclude-emoji gwolle_gb_cb1b9251c55403a8e1dff04871b64adc\" value=\"\" type=\"text\" name=\"gwolle_gb_cb1b9251c55403a8e1dff04871b64adc\" required \/><\/div>\n\t\t\t<\/div>\n\t\t\t<div class=\"clearBoth\">&nbsp;<\/div><div class=\"gwolle_gb_d984e5f618dd6336e1e5fd83bb558c88\">\n\t\t\t\t\t<div class=\"label\"><label for=\"gwolle_gb_d984e5f618dd6336e1e5fd83bb558c88\" class=\"text-info\">Ort<\/label><\/div>\n\t\t\t\t\t<div class=\"input\"><input class=\"wp-exclude-emoji gwolle_gb_d984e5f618dd6336e1e5fd83bb558c88\" value=\"\" type=\"text\" name=\"gwolle_gb_d984e5f618dd6336e1e5fd83bb558c88\" \/><\/div>\n\t\t\t\t<\/div>\n\t\t\t\t<div class=\"clearBoth\">&nbsp;<\/div><div class=\"gwolle_gb_71d2be56602aa61da93f240272321761\">\n\t\t\t\t<div class=\"label\"><label for=\"gwolle_gb_71d2be56602aa61da93f240272321761\" class=\"text-info\">E-Mail *<\/label><\/div>\n\t\t\t\t<div class=\"input\"><input class=\"gwolle_gb_71d2be56602aa61da93f240272321761\" value=\"\" type=\"text\" name=\"gwolle_gb_71d2be56602aa61da93f240272321761\" required \/><\/div>\n\t\t\t<\/div>\n\t\t\t<div class=\"clearBoth\">&nbsp;<\/div>\n\t\t\t<div class=\"gwolle_gb_601f6848d5f618842913668e57b27331\" style=\"display:none;\">\n\t\t\t\t<div class=\"label\">\n\t\t\t\t\t<label for=\"gwolle_gb_601f6848d5f618842913668e57b27331\" class=\"text-primary\">Hier nichts eingeben<\/label>\n\t\t\t\t\t<label for=\"gwolle_gb_2964335b1a34b4f2d97eb9b3ecf14993\" class=\"text-primary\">Hier nichts eingeben<\/label>\n\t\t\t\t<\/div>\n\t\t\t\t<div class=\"input\">\n\t\t\t\t\t<input value=\"1\" type=\"text\" name=\"gwolle_gb_601f6848d5f618842913668e57b27331\" class=\"gwolle_gb_601f6848d5f618842913668e57b27331\" \/>\n\t\t\t\t\t<input value=\"\" type=\"text\" name=\"gwolle_gb_2964335b1a34b4f2d97eb9b3ecf14993\" class=\"gwolle_gb_2964335b1a34b4f2d97eb9b3ecf14993\" \/>\n\t\t\t\t<\/div>\n\t\t\t<\/div>\n\t\t\t<div class=\"clearBoth\"><\/div>\n\t\t\t<div class=\"gwolle_gb_36ca6e083e6b55ba435a7cfc746ebcf4\" style=\"display:none;\">\n\t\t\t\t<div class=\"label\">\n\t\t\t\t\t<label for=\"gwolle_gb_36ca6e083e6b55ba435a7cfc746ebcf4\" class=\"text-primary\">Hier nichts eingeben<\/label>\n\t\t\t\t\t<label for=\"gwolle_gb_73f923c05c44f3c67bd45a19e47f9368\" class=\"text-primary\">Hier nichts eingeben<\/label>\n\t\t\t\t<\/div>\n\t\t\t\t<div class=\"input\">\n\t\t\t\t\t<input value=\"86533\" type=\"text\" name=\"gwolle_gb_36ca6e083e6b55ba435a7cfc746ebcf4\" class=\"gwolle_gb_36ca6e083e6b55ba435a7cfc746ebcf4\" \/>\n\t\t\t\t\t<input value=\"86533\" type=\"text\" name=\"gwolle_gb_73f923c05c44f3c67bd45a19e47f9368\" class=\"gwolle_gb_73f923c05c44f3c67bd45a19e47f9368\" \/>\n\t\t\t\t<\/div>\n\t\t\t<\/div>\n\t\t\t<div class=\"clearBoth\"><\/div><div class=\"gwolle_gb_content\">\n\t\t\t\t<div class=\"label\"><label for=\"gwolle_gb_content\" class=\"text-info\">G\u00e4stebucheintrag *<\/label><\/div>\n\t\t\t\t<div class=\"input\"><textarea name=\"gwolle_gb_content\" class=\"gwolle_gb_content wp-exclude-emoji\" required ><\/textarea><\/div>\n\t\t\t\t<\/div>\n\t\t\t<div class=\"clearBoth\">&nbsp;<\/div>\n\t\t\t\t<div class=\"gwolle_gb_antispam\">\n\t\t\t\t\t<div class=\"label\">\n\t\t\t\t\t\t<label for=\"gwolle_gb_482feb169de34d868da19cc2d12d7fa1\" class=\"text-info\">Frage: 12 + sieben = *<\/label>\n\t\t\t\t\t<\/div>\n\t\t\t\t\t<div class=\"input\"><input class=\"gwolle_gb_482feb169de34d868da19cc2d12d7fa1\" value=\"\" type=\"text\" name=\"gwolle_gb_482feb169de34d868da19cc2d12d7fa1\" required \/>\n\t\t\t\t\t\t<\/div>\n\t\t\t\t\t<\/div>\n\t\t\t\t\t<div class=\"clearBoth\">&nbsp;<\/div><input type=\"hidden\" class=\"gwolle_gb_13fcdb1a82331982edb49dc75cae1159\" name=\"gwolle_gb_13fcdb1a82331982edb49dc75cae1159\" value=\"33d2cb9603\" \/>\n\t\t\t<div class=\"gwolle_gb_messages_bottom_container\"><\/div>\n\n\t\t\t<noscript><div class=\"no-js\">Warnung: Dieses Formular kann nur verwendet werden, wenn in deinem Browser JavaScript aktiviert ist.<\/div><\/noscript>\n\n\t\t\t<div class=\"gwolle_gb_submit\">\n\t\t\t\t<div class=\"label gwolle-gb-invisible text-muted\">&nbsp;<\/div>\n\t\t\t\t<div class=\"input\">\n\t\t\t\t\t<input type=\"submit\" name=\"gwolle_gb_submit\" class=\"gwolle_gb_submit button btn btn-primary \" value=\"Absenden\" \/>\n\t\t\t\t\t<span class=\"gwolle_gb_submit_ajax_icon\"><\/span>\n\t\t\t\n\t\t\t\t<\/div>\n\t\t\t<\/div>\n\t\t\t<div class=\"clearBoth\">&nbsp;<\/div>\n\n\t\t\t<div class=\"gwolle_gb_notice\">\n\t\t\t\tFelder mit * Markierung sind pflicht.<br \/>\r\nIhre E-mail Adresse wird nicht ver&ouml;ffentlicht.<br \/>\r\nEs kann sein das Ihr Kommentar erst im G&auml;stebuch sichtbar ist nachdem wir es kontrolliert haben.<br \/>\r\nWir behalten uns das Recht vor, Eintr&auml;ge zu bearbeiten und zu l&ouml;schen.\n\t\t\t<\/div><\/form><div class=\"gwolle-gb-read \" data-book_id=\"1\"><div id=\"gwolle-gb-total\">5 Eintr\u00e4ge<\/div><!-- Gwolle-GB Entry: Default Template Loaded -->\n\t\t\t\t<div class=\"gb-entry gb-entry_111 gb-entry-count_1 gwolle_gb_uneven gwolle-gb-uneven gwolle_gb_first gwolle-gb-first\">\n\t\t\t\t\t<div class=\"gb-author-info\">\n\t\t\t\t\t\t<span class=\"gb-author-avatar\"><img referrerpolicy=\"no-referrer\" alt='Die Autoren' src='http:\/\/2.gravatar.com\/avatar\/58951cd0139a2fdd66e3e4f66fe02b40?s=32&#038;d=mm&#038;r=g' srcset='http:\/\/2.gravatar.com\/avatar\/58951cd0139a2fdd66e3e4f66fe02b40?s=64&#038;d=mm&#038;r=g 2x' class='avatar avatar-32 photo' height='32' width='32' loading='lazy'\/><\/span>\n\t\t\t\t\t\t<span class=\"gb-author-name\">Die Autoren\n\t\t\t\t\t\t<\/span>\n\t\t\t\t\t\t<span class=\"gb-author-origin\"><span class=\"gb-author-origin-from-text\"> aus<\/span> Wien<\/span>\n\t\t\t\t\t\t<span class=\"gb-datetime\">\n\t\t\t\t\t\t\t<span class=\"gb-date\"> schrieb am 29. November 2022<\/span><span class=\"gb-time\"> um 21:51<\/span>:\n\t\t\t\t\t\t<\/span> \n\t\t\t\t\t<\/div>\n\t\t\t\t\t<div class=\"gb-entry-content\">Wir haben gerade unsere Homepage aktualisiert und festgestellt: es gibt kaum Eintr\u00e4ge in unserem G\u00e4stebuch! \nDas ist schade, aber nachvollziehbar, denn wir wollten dieses Tool urspr\u00fcnglich interaktiv nutzen.\nDas war wahrscheinlich aber ziemlich blau\u00e4ugig und vorgestrig (ist ja auch schon eine Zeitlang her, dass wir unsere Homepage eingerichtet haben).\nWir haben daher \u00fcberlegt, stattdessen einen Blog einzurichten,  aber das macht heutzutage ja auch schon jeder, und ehrlich: wer ist denn noch interessiert, sich via Social Media oder sonstige Kan\u00e4le \u00fcber sein Allgemeinbefinden zu \u00e4u\u00dfern?\nAnregungen f\u00fcr eine neue Form der Kommunikation sind herzlich willkommen!\n\t\t\t\t\t<\/div>\n\t\t\t<\/div>\n\t\t\t<div class=\"gb-entry gb-entry_6 gb-entry-count_2 gwolle_gb_even gwolle-gb-even\">\n\t\t\t\t\t<div class=\"gb-author-info\">\n\t\t\t\t\t\t<span class=\"gb-author-avatar\"><img referrerpolicy=\"no-referrer\" alt='Birgit' src='http:\/\/2.gravatar.com\/avatar\/e7e821c152e998584bb2fd1a0b5e42f2?s=32&#038;d=mm&#038;r=g' srcset='http:\/\/2.gravatar.com\/avatar\/e7e821c152e998584bb2fd1a0b5e42f2?s=64&#038;d=mm&#038;r=g 2x' class='avatar avatar-32 photo' height='32' width='32' loading='lazy'\/><\/span>\n\t\t\t\t\t\t<span class=\"gb-author-name\">Birgit\n\t\t\t\t\t\t<\/span>\n\t\t\t\t\t\t<span class=\"gb-author-origin\"><span class=\"gb-author-origin-from-text\"> aus<\/span> St. Aegyd<\/span>\n\t\t\t\t\t\t<span class=\"gb-datetime\">\n\t\t\t\t\t\t\t<span class=\"gb-date\"> schrieb am 12. Mai 2015<\/span><span class=\"gb-time\"> um 21:25<\/span>:\n\t\t\t\t\t\t<\/span> \n\t\t\t\t\t<\/div>\n\t\t\t\t\t<div class=\"gb-entry-content\">UNBEDINGT weiter schreiben! Wir sind begeisterte &#034;Specht-Leser&#034; und freuen uns auf weiteren, spannenden Lesestoff!\n\t\t\t\t\t<\/div>\n\t\t\t<\/div>\n\t\t\t<div class=\"gb-entry gb-entry_4 gb-entry-count_3 gwolle_gb_uneven gwolle-gb-uneven\">\n\t\t\t\t\t<div class=\"gb-author-info\">\n\t\t\t\t\t\t<span class=\"gb-author-avatar\"><img referrerpolicy=\"no-referrer\" alt='Roland' src='http:\/\/2.gravatar.com\/avatar\/5394e5746da86fc7157454eeeff95610?s=32&#038;d=mm&#038;r=g' srcset='http:\/\/2.gravatar.com\/avatar\/5394e5746da86fc7157454eeeff95610?s=64&#038;d=mm&#038;r=g 2x' class='avatar avatar-32 photo' height='32' width='32' loading='lazy'\/><\/span>\n\t\t\t\t\t\t<span class=\"gb-author-name\">Roland\n\t\t\t\t\t\t<\/span>\n\t\t\t\t\t\t<span class=\"gb-datetime\">\n\t\t\t\t\t\t\t<span class=\"gb-date\"> schrieb am 10. April 2015<\/span><span class=\"gb-time\"> um 13:15<\/span>:\n\t\t\t\t\t\t<\/span> \n\t\t\t\t\t<\/div>\n\t\t\t\t\t<div class=\"gb-entry-content\">Ein wirklich w&uuml;rdiger Internetauftritt f&uuml;r den Herrn Specht! Ich freue mich schon auf neuen Lesestoff!\n\t\t\t\t\t<\/div>\n\t\t\t<\/div>\n\t\t\t<div class=\"gb-entry gb-entry_2 gb-entry-count_4 gwolle_gb_even gwolle-gb-even\">\n\t\t\t\t\t<div class=\"gb-author-info\">\n\t\t\t\t\t\t<span class=\"gb-author-avatar\"><img referrerpolicy=\"no-referrer\" alt='GS' src='http:\/\/2.gravatar.com\/avatar\/b1e6e7f1f8eeaa276a5507bbf6ae06d9?s=32&#038;d=mm&#038;r=g' srcset='http:\/\/2.gravatar.com\/avatar\/b1e6e7f1f8eeaa276a5507bbf6ae06d9?s=64&#038;d=mm&#038;r=g 2x' class='avatar avatar-32 photo' height='32' width='32' loading='lazy'\/><\/span>\n\t\t\t\t\t\t<span class=\"gb-author-name\">GS\n\t\t\t\t\t\t<\/span>\n\t\t\t\t\t\t<span class=\"gb-author-origin\"><span class=\"gb-author-origin-from-text\"> aus<\/span> Wien<\/span>\n\t\t\t\t\t\t<span class=\"gb-datetime\">\n\t\t\t\t\t\t\t<span class=\"gb-date\"> schrieb am 7. April 2015<\/span><span class=\"gb-time\"> um 17:19<\/span>:\n\t\t\t\t\t\t<\/span> \n\t\t\t\t\t<\/div>\n\t\t\t\t\t<div class=\"gb-entry-content\">herzlichen gl&uuml;ckwunsch zum internetauftritt und auch zum &#034;specht nr. 2&#034;. habe den &#034;specht auf kur&#034; zu den osterfeiertagen gelesen. absolut empfehlenswert! weiter so\n\t\t\t\t\t<\/div>\n\t\t\t<\/div>\n\t\t\t<div class=\"gb-entry gb-entry_1 gb-entry-count_5 gwolle_gb_uneven gwolle-gb-uneven\">\n\t\t\t\t\t<div class=\"gb-author-info\">\n\t\t\t\t\t\t<span class=\"gb-author-avatar\"><img referrerpolicy=\"no-referrer\" alt='Markus rieger' src='http:\/\/1.gravatar.com\/avatar\/46fabff5e6f2b2c8910febddc005d6c2?s=32&#038;d=mm&#038;r=g' srcset='http:\/\/1.gravatar.com\/avatar\/46fabff5e6f2b2c8910febddc005d6c2?s=64&#038;d=mm&#038;r=g 2x' class='avatar avatar-32 photo' height='32' width='32' loading='lazy'\/><\/span>\n\t\t\t\t\t\t<span class=\"gb-author-name\">Markus rieger\n\t\t\t\t\t\t<\/span>\n\t\t\t\t\t\t<span class=\"gb-author-origin\"><span class=\"gb-author-origin-from-text\"> aus<\/span> Bisamberg<\/span>\n\t\t\t\t\t\t<span class=\"gb-datetime\">\n\t\t\t\t\t\t\t<span class=\"gb-date\"> schrieb am 6. April 2015<\/span><span class=\"gb-time\"> um 14:23<\/span>:\n\t\t\t\t\t\t<\/span> \n\t\t\t\t\t<\/div>\n\t\t\t\t\t<div class=\"gb-entry-content\">Super B&uuml;cher \r\nGeniale Erlebnisse ! \r\nFreue mich schon auf den n&auml;chsten Teil \r\nBin sehr stolz auf meinen Bruder und Schw&auml;gerin\n\t\t\t\t\t<\/div>\n\t\t\t<\/div>\n\t\t\t<\/div><\/div>\n","protected":false},"excerpt":{"rendered":"","protected":false},"author":1,"featured_media":0,"parent":0,"menu_order":3,"comment_status":"closed","ping_status":"open","template":"","meta":[],"_links":{"self":[{"href":"http:\/\/www.specht-krimis.at\/index.php?rest_route=\/wp\/v2\/pages\/9"}],"collection":[{"href":"http:\/\/www.specht-krimis.at\/index.php?rest_route=\/wp\/v2\/pages"}],"about":[{"href":"http:\/\/www.specht-krimis.at\/index.php?rest_route=\/wp\/v2\/types\/page"}],"author":[{"embeddable":true,"href":"http:\/\/www.specht-krimis.at\/index.php?rest_route=\/wp\/v2\/users\/1"}],"replies":[{"embeddable":true,"href":"http:\/\/www.specht-krimis.at\/index.php?rest_route=%2Fwp%2Fv2%2Fcomments&post=9"}],"version-history":[{"count":0,"href":"http:\/\/www.specht-krimis.at\/index.php?rest_route=\/wp\/v2\/pages\/9\/revisions"}],"wp:attachment":[{"href":"http:\/\/www.specht-krimis.at\/index.php?rest_route=%2Fwp%2Fv2%2Fmedia&parent=9"}],"curies":[{"name":"wp","href":"https:\/\/api.w.org\/{rel}","templated":true}]}}