{"id":52,"date":"2015-03-25T13:13:38","date_gmt":"2015-03-25T13:13:38","guid":{"rendered":"http:\/\/specht.aaronkarger.com\/?page_id=52"},"modified":"2015-04-12T15:44:05","modified_gmt":"2015-04-12T13:44:05","slug":"impressum","status":"publish","type":"page","link":"http:\/\/www.specht-krimis.at\/?page_id=52","title":{"rendered":"Impressum"},"content":{"rendered":"<p><span style=\"font-size: medium;\"><b><a target=\"_blank\"><span style=\"font-family: Times New Roman;\">Stylized woodpeckers<\/span><\/a> &#8211; <i>\u00a9 Egret77 &#8211; <a target=\"_blank\">Fotolia.com<\/a>\u00a0<\/i>51265585.<\/b><\/span><\/p>\n<p><strong>All Rechte vorbehalten<\/strong><\/p>\n<p>F\u00fcr die Richtigkeit der gebotenen Informationen und der von anderen Diensten \u00fcbernommenen Daten wird keine Gew\u00e4hr \u00fcbernommen. Wir m\u00f6chten hiermit ausdr\u00fccklich betonen, dass wir keinerlei Einfluss auf die Gestaltung und\/oder auf die Inhalte aller gelinkten Seiten haben und distanzieren uns hiermit ausdr\u00fccklich von allen Inhalten aller gelinkten Seiten auf der Homepage. F\u00fcr die Inhalte oder die Richtigkeit von verlinkten Seiten \u00fcbernehme ich keinerlei Haftung. Diese Erkl\u00e4rung gilt f\u00fcr alle auf der Homepage angebrachten Links und f\u00fcr alle Inhalte der Seiten, zu denen etwaige Banner, Buttons, Foren- und Chatbeitr\u00e4ge oder alle sonstigen Links f\u00fchren. Alle Daten innerhalb der www-Domain sind urheberrechtlich gesch\u00fctzt und d\u00fcrfen nicht ohne Zustimmung der Rechtsinhaber verwendet werden. Alle in dieser www-Domain erw\u00e4hnten Markennamen und Produktnamen sind Warenzeichen oder eingetragene Warenzeichen ihrer jeweiligen Eigent\u00fcmer.<\/p>\n<p><strong>Haftungshinweise<\/strong><\/p>\n<p>Die ver\u00f6ffentlichten Inhalte auf unseren Internetseiten werden mit gr\u00f6\u00dfter Sorgfalt erstellt. Specht Krimis \u00fcbernimmt jedoch keine Gew\u00e4hr f\u00fcr deren Vollst\u00e4ndigkeit oder Eignung f\u00fcr bestimmte Verwendungszwecke. Gleiches gilt f\u00fcr die Inhalte aller Links, die zu diversen externen Seiten f\u00fchren. Jegliche Haftung f\u00fcr Sch\u00e4den die direkt oder indirekt aus der Benutzung dieser Webseite entstehen, sind ausgeschlossen. S\u00e4mtliche Aussagen auf dieser Seite dienen allein der Information und sind nicht verbindlich. Sie stehen unter dem Vorbehalt jederzeitiger \u00c4nderung. Eine Haftung f\u00fcr die Vollst\u00e4ndigkeit, Richtigkeit und Aktualit\u00e4t der Aussagen wird nicht \u00fcbernommen. F\u00fcr den Fall, dass durch Angaben auf dieser Webseite m\u00f6glicherweise Schutzrechte verletzt werden, also etwa ein Marken- oder Urheberrechtsversto\u00df gegeben sein k\u00f6nnte, werden Sie gebeten, dies umgehend per E-Mail oder sonst in Textform mitzuteilen. Wir werden in diesem Fall sofort rechtm\u00e4\u00dfige Zust\u00e4nde herstellen.<\/p>\n<p><strong>Nutzungsbedingungen<\/strong><\/p>\n<p>Die Inhalte d\u00fcrfen nicht ver\u00e4ndert und ohne schriftliche Genehmigung von Specht Krimis auf anderen Internetseiten oder Rechnern genutzt werden. Die Inhalte d\u00fcrfen nicht f\u00fcr \u00f6ffentliche oder kommerzielle Zwecke vervielf\u00e4ltigt, vorgef\u00fchrt, verbreitet oder anderweitig verwertet werden. Ein Versto\u00df gegen diese Bestimmungen verpflichtet zur sofortigen Vernichtung aller ausgedruckten oder heruntergeladenen Inhalte. Die Geltendmachung weiterer Schadensersatzanspr\u00fcche behalten wir uns vor.<\/p>\n","protected":false},"excerpt":{"rendered":"<p>Stylized woodpeckers &#8211; \u00a9 Egret77 &#8211; Fotolia.com\u00a051265585. All Rechte vorbehalten F\u00fcr die Richtigkeit der gebotenen Informationen und der von anderen Diensten \u00fcbernommenen Daten wird keine Gew\u00e4hr \u00fcbernommen. Wir m\u00f6chten hiermit ausdr\u00fccklich betonen, dass wir keinerlei Einfluss auf die Gestaltung und\/oder auf die Inhalte aller gelinkten Seiten haben und distanzieren uns hiermit ausdr\u00fccklich von allen Inhalten [&hellip;]<\/p>\n","protected":false},"author":1,"featured_media":0,"parent":0,"menu_order":4,"comment_status":"closed","ping_status":"open","template":"","meta":[],"_links":{"self":[{"href":"http:\/\/www.specht-krimis.at\/index.php?rest_route=\/wp\/v2\/pages\/52"}],"collection":[{"href":"http:\/\/www.specht-krimis.at\/index.php?rest_route=\/wp\/v2\/pages"}],"about":[{"href":"http:\/\/www.specht-krimis.at\/index.php?rest_route=\/wp\/v2\/types\/page"}],"author":[{"embeddable":true,"href":"http:\/\/www.specht-krimis.at\/index.php?rest_route=\/wp\/v2\/users\/1"}],"replies":[{"embeddable":true,"href":"http:\/\/www.specht-krimis.at\/index.php?rest_route=%2Fwp%2Fv2%2Fcomments&post=52"}],"version-history":[{"count":2,"href":"http:\/\/www.specht-krimis.at\/index.php?rest_route=\/wp\/v2\/pages\/52\/revisions"}],"predecessor-version":[{"id":248,"href":"http:\/\/www.specht-krimis.at\/index.php?rest_route=\/wp\/v2\/pages\/52\/revisions\/248"}],"wp:attachment":[{"href":"http:\/\/www.specht-krimis.at\/index.php?rest_route=%2Fwp%2Fv2%2Fmedia&parent=52"}],"curies":[{"name":"wp","href":"https:\/\/api.w.org\/{rel}","templated":true}]}}