{"id":5,"date":"2015-03-24T16:38:48","date_gmt":"2015-03-24T16:38:48","guid":{"rendered":"http:\/\/specht.aaronkarger.com\/?page_id=5"},"modified":"2022-06-10T19:21:33","modified_gmt":"2022-06-10T17:21:33","slug":"bucher","status":"publish","type":"page","link":"http:\/\/www.specht-krimis.at\/?page_id=5","title":{"rendered":"B\u00fccher"},"content":{"rendered":"<p><b>Die Specht-Krimis sind im \u00f6sterreichischen Buchhandel oder im Online-Versandhandel (z.B. Amazon) erh\u00e4ltlich, k\u00f6nnen aber auch direkt bei der edition keiper bestellt werden.<\/b><\/p>\n<p>&nbsp;<\/p>\n<p><a href=\"http:\/\/www.specht-krimis.at\/wp-content\/uploads\/2015\/03\/index.jpg\"><img loading=\"lazy\" class=\" size-medium wp-image-25 alignleft\" src=\"http:\/\/www.specht-krimis.at\/wp-content\/uploads\/2015\/03\/index-179x300.jpg\" alt=\"index\" width=\"179\" height=\"300\" srcset=\"http:\/\/www.specht-krimis.at\/wp-content\/uploads\/2015\/03\/index-179x300.jpg 179w, http:\/\/www.specht-krimis.at\/wp-content\/uploads\/2015\/03\/index.jpg 207w\" sizes=\"(max-width: 179px) 100vw, 179px\" \/><\/a><\/p>\n<h1 id=\"title\" class=\"a-size-large a-spacing-none\"><span id=\"productTitle\" class=\"a-size-large\">S<\/span>a sdorowje, Specht!<\/h1>\n<p>\u00a9 Ein Kriminalroman aus Wien<br \/>\n<a href=\"https:\/\/www.editionkeiper.at\/shop\/produkt\/sa-sdorowje-specht\/\" target=\"_blank\" rel=\"noopener\">&#8222;Sa sdorowje, Specht!&#8220; kann man hier bestellen<\/a><\/p>\n<p><strong>Bruno Specht<\/strong>, ehemals Chefinspektor des Wiener Landeskriminalamts, genie\u00dft\u00a0 seit Kurzem seinen wohlverdienten Ruhestand.<br \/>\nAls der Leibw\u00e4chter eines russischen Oligarchen in der Wiener Innenstadt auf offener Stra\u00dfe ermordet und wenig sp\u00e4ter ein weiterer Angestellter des Milliard\u00e4rs angeschossen und t\u00f6dlich verletzt wird, \u00e4ndert sich das beschauliche Leben von Bruno Specht allerdings schlagartig! Denn beim Opfer des zweiten Attentates handelt es sich um einen Cousin von Brunos Ehefrau Anna.<br \/>\nW\u00e4hrend die Polizei von einem politisch motivierten Verbrechen ausgeht und die Ermittlungen auf tschetschenische Kreise konzentriert, beginnt Bruno Specht, die Hintergr\u00fcnde der beiden Mordf\u00e4lle auf eigene Faust zu untersuchen.\u00a0 Seine Recherchen f\u00fchren ihn in die glitzernde Welt und das verbrecherische Umfeld des Oligarchen. Er st\u00f6\u00dft auf zwielichtige Figuren und undurchsichtige Gesch\u00e4fte, auf Falschaussagen und widerspr\u00fcchliche Angaben \u2026<\/p>\n<p><a href=\"http:\/\/www.specht-krimis.at\/wp-content\/uploads\/2015\/03\/index2.jpg\"><img loading=\"lazy\" class=\" size-medium wp-image-26 alignleft\" src=\"http:\/\/www.specht-krimis.at\/wp-content\/uploads\/2015\/03\/index2-180x300.jpg\" alt=\"index2\" width=\"180\" height=\"300\" srcset=\"http:\/\/www.specht-krimis.at\/wp-content\/uploads\/2015\/03\/index2-180x300.jpg 180w, http:\/\/www.specht-krimis.at\/wp-content\/uploads\/2015\/03\/index2.jpg 208w\" sizes=\"(max-width: 180px) 100vw, 180px\" \/><\/a><\/p>\n<h1 id=\"title\" class=\"a-size-large a-spacing-none\"><span id=\"productTitle\" class=\"a-size-large\">S<\/span>pecht auf Kur<\/h1>\n<p>\u00a9 Ein Kriminalroman aus K\u00e4rnten<br \/>\n<a href=\"https:\/\/www.editionkeiper.at\/shop\/produkt\/specht-auf-kur\/\" target=\"_blank\" rel=\"noopener\">&#8222;Specht auf Kur&#8220; kann man hier bestellen<\/a><\/p>\n<p>Der Selbstmord eines Klagenfurter Magistratsbeamten f\u00fchrt\u00a0 Bruno Specht w\u00e4hrend seines Kuraufenthaltes in Warmbad Villach auf die Spur eines Korruptionsskandals, der den vermeintlichen Unfalltod eines prominenten Kurgastes aus Liechtenstein in neuem Licht erscheinen l\u00e4sst.<br \/>\nDank seines kriminalistischen Sp\u00fcrsinns deckt Bruno auf, dass es zwischen dem Magistratsbeamten und dem Kurgast eine gesch\u00e4ftliche Verbindung gab, und st\u00f6\u00dft in der Folge auf ein \u00fcber zehn Jahre zur\u00fcckliegendes Gewaltverbrechen, dessen Aufkl\u00e4rung in einer menschlichen Trag\u00f6die m\u00fcndet &#8230;<\/p>\n<p><a href=\"http:\/\/www.specht-krimis.at\/wp-content\/uploads\/2016\/02\/Waidmannsheil-Specht.jpg\"><img loading=\"lazy\" class=\" size-medium wp-image-26 alignleft\" src=\"http:\/\/www.specht-krimis.at\/wp-content\/uploads\/2016\/02\/Waidmannsheil-Specht-179x300.jpg\" alt=\"Waidmannsheil, Specht!\" width=\"180\" height=\"300\" \/><\/a><\/p>\n<h1 id=\"title\" class=\"a-size-large a-spacing-none\"><span id=\"productTitle\" class=\"a-size-large\"><\/span>Waidmannsheil, Specht!<\/h1>\n<p>\u00a9 Ein Kriminalroman aus Nieder\u00f6sterreich<br \/>\n<a href=\"https:\/\/www.editionkeiper.at\/shop\/produkt\/waidmannsheil-specht\/\" target=\"_blank\" rel=\"noopener\">&#8222;Waidmannsheil, Specht!&#8220; kann man hier bestellen<\/a><\/p>\n<p>Im dritten Roman von Rieger &amp; Rieger ermittelt Bruno Specht in einem kleinen Dorf im s\u00fcdlichen Nieder\u00f6sterreich, wo nach der Schneeschmelze die stark verweste Leiche eines Mannes aufgefunden wurde.<\/p>\n<p>W\u00e4hrend das Landeskriminalamt noch damit besch\u00e4ftigt ist, die Identit\u00e4t des Toten und die Todesursache zu kl\u00e4ren, deckt Bruno Specht die Hintergr\u00fcnde eines archaischen Mordes auf &#8230;<\/p>\n<p><a href=\"http:\/\/www.specht-krimis.at\/wp-content\/uploads\/2018\/09\/Cover_Rieger_Specht_Schilcherland_Keiper_Verlag-181x300-1.jpg\"><img loading=\"lazy\" class=\" size-medium wp-image-26 alignleft\" src=\"http:\/\/www.specht-krimis.at\/wp-content\/uploads\/2018\/09\/Cover_Rieger_Specht_Schilcherland_Keiper_Verlag-181x300-1.jpg\" alt=\"Schilcherland, Specht!\" width=\"180\" height=\"300\" \/><\/a><\/p>\n<h1 id=\"title\" class=\"a-size-large a-spacing-none\"><span id=\"productTitle\" class=\"a-size-large\"><\/span><strong>Specht im Schilcherland<\/strong><\/h1>\n<p>\u00a9 Ein Kriminalroman aus der Steiermark<br \/>\n<a href=\"https:\/\/www.editionkeiper.at\/shop\/produkt\/specht-im-schilcherland\/\" target=\"_blank\" rel=\"noopener\">&#8222;Specht im Schilcherland&#8220; kann man hier bestellen<\/a><\/p>\n<p>Dass Bruno Specht, pensionierter Chefinspektor des Wiener Landeskriminalamts, ausgerechnet bei einem Urlaub in seiner geliebten steirischen Heimat mit einem brutalen Verbrechen konfrontiert wird, verst\u00f6rt ihn zutiefst. Denn eigentlich hatte er vorgehabt, gemeinsam mit seiner Frau Anna die malerische Landschaft des Schilcherlandes zu erkunden und die Abende bei einem Glas Wein und einer z\u00fcnftigen Brettljause ausklingen zu lassen.<\/p>\n<p>Stattdessen wird er aber schon kurz nach seiner Ankunft in Stainz in die Ermittlungen rund um den Mord an einer jungen Frau verwickelt. Und dann l\u00e4uft ihm auch noch der Sch\u00f6ne Robert \u00fcber den Weg, ein ehemaliger Kollege aus dem Wiener Sicherheitsb\u00fcro, der nach seiner Entlassung aus dem Polizeidienst die Seiten gewechselt und eine kriminelle Laufbahn eingeschlagen hatte \u2026<\/p>\n<p>&nbsp;<\/p>\n<p><span style=\"color: #333333;\"><strong><span style=\"font-size: 32px;\"><a href=\"http:\/\/www.specht-krimis.at\/wp-content\/uploads\/2022\/06\/Respekt-Frau-Specht.png\"><img loading=\"lazy\" class=\"wp-image-957 alignleft\" src=\"http:\/\/www.specht-krimis.at\/wp-content\/uploads\/2022\/06\/Respekt-Frau-Specht-615x1024.png\" alt=\"\" width=\"187\" height=\"312\" srcset=\"http:\/\/www.specht-krimis.at\/wp-content\/uploads\/2022\/06\/Respekt-Frau-Specht-615x1024.png 615w, http:\/\/www.specht-krimis.at\/wp-content\/uploads\/2022\/06\/Respekt-Frau-Specht-180x300.png 180w, http:\/\/www.specht-krimis.at\/wp-content\/uploads\/2022\/06\/Respekt-Frau-Specht-768x1278.png 768w, http:\/\/www.specht-krimis.at\/wp-content\/uploads\/2022\/06\/Respekt-Frau-Specht-923x1536.png 923w, http:\/\/www.specht-krimis.at\/wp-content\/uploads\/2022\/06\/Respekt-Frau-Specht-1230x2048.png 1230w, http:\/\/www.specht-krimis.at\/wp-content\/uploads\/2022\/06\/Respekt-Frau-Specht-676x1125.png 676w, http:\/\/www.specht-krimis.at\/wp-content\/uploads\/2022\/06\/Respekt-Frau-Specht.png 1419w\" sizes=\"(max-width: 187px) 100vw, 187px\" \/><\/a><br \/>\nRespekt, Frau Specht!<\/span><\/strong><\/span><\/p>\n<p>\u00a9 Ein Kriminalroman aus dem Burgenland<br \/>\n<a href=\"https:\/\/www.editionkeiper.at\/shop\/produkt\/nicht-schlecht-frau-specht\/\">&#8222;Respekt, Frau Specht!&#8220; kann man hier bestellen\u00a0<\/a><\/p>\n<p>Bei einer Home Invasion in Neusiedl am See kommt eine verm\u00f6gende alte Dame ums Leben.<br \/>\nWochen sp\u00e4ter wird der Leichnam eines m\u00e4\u00dfig erfolgreichen Schauspielers im Schilfg\u00fcrtel vom Neusiedler See entdeckt.<br \/>\nBeinahe zeitgleich wird in Eisenstadt auf dem Parkplatz einer Fachhochschule ein Mann erschossen aufgefunden.<\/p>\n<p>Besteht zwischen diesen drei Todesf\u00e4llen eine Verbindung? fragt sich der pensionierte Chefinspektor Bruno Specht, der sich just in diesem Zeitraum im Burgenland, und zwar in Rust aufh\u00e4lt, um von dort aus im Zuge einer Radtour die Region rund um den Neusiedler See zu erkunden.\u00a0Als langj\u00e4hriger Kriminalist ist er naturgem\u00e4\u00df daran interessiert, mehr \u00fcber die Hintergr\u00fcnde dieser Verbrechen herauszufinden, was ihm Dank seiner guten Kontakte auch gelingt.<\/p>\n<p>Tats\u00e4chlich ist es aber Brunos Ehefrau Anna, die mit weiblicher Intuition und recht unkonventionellen Methoden letztendlich ein raffiniertes Mordkomplott aufdeckt \u2026<\/p>\n","protected":false},"excerpt":{"rendered":"<p>Die Specht-Krimis sind im \u00f6sterreichischen Buchhandel oder im Online-Versandhandel (z.B. Amazon) erh\u00e4ltlich, k\u00f6nnen aber auch direkt bei der edition keiper bestellt werden. &nbsp; Sa sdorowje, Specht! \u00a9 Ein Kriminalroman aus Wien &#8222;Sa sdorowje, Specht!&#8220; kann man hier bestellen Bruno Specht, ehemals Chefinspektor des Wiener Landeskriminalamts, genie\u00dft\u00a0 seit Kurzem seinen wohlverdienten Ruhestand. Als der Leibw\u00e4chter eines [&hellip;]<\/p>\n","protected":false},"author":1,"featured_media":0,"parent":0,"menu_order":2,"comment_status":"closed","ping_status":"open","template":"","meta":[],"_links":{"self":[{"href":"http:\/\/www.specht-krimis.at\/index.php?rest_route=\/wp\/v2\/pages\/5"}],"collection":[{"href":"http:\/\/www.specht-krimis.at\/index.php?rest_route=\/wp\/v2\/pages"}],"about":[{"href":"http:\/\/www.specht-krimis.at\/index.php?rest_route=\/wp\/v2\/types\/page"}],"author":[{"embeddable":true,"href":"http:\/\/www.specht-krimis.at\/index.php?rest_route=\/wp\/v2\/users\/1"}],"replies":[{"embeddable":true,"href":"http:\/\/www.specht-krimis.at\/index.php?rest_route=%2Fwp%2Fv2%2Fcomments&post=5"}],"version-history":[{"count":9,"href":"http:\/\/www.specht-krimis.at\/index.php?rest_route=\/wp\/v2\/pages\/5\/revisions"}],"predecessor-version":[{"id":964,"href":"http:\/\/www.specht-krimis.at\/index.php?rest_route=\/wp\/v2\/pages\/5\/revisions\/964"}],"wp:attachment":[{"href":"http:\/\/www.specht-krimis.at\/index.php?rest_route=%2Fwp%2Fv2%2Fmedia&parent=5"}],"curies":[{"name":"wp","href":"https:\/\/api.w.org\/{rel}","templated":true}]}}