{"id":320,"date":"2015-05-16T11:42:20","date_gmt":"2015-05-16T09:42:20","guid":{"rendered":"http:\/\/www.specht-krimis.at\/?page_id=320"},"modified":"2022-11-23T21:44:03","modified_gmt":"2022-11-23T20:44:03","slug":"wer-ist-bruno-specht","status":"publish","type":"page","link":"http:\/\/www.specht-krimis.at\/?page_id=320","title":{"rendered":"Wer ist Bruno Specht ?"},"content":{"rendered":"<p>Bei unserem Protagonisten Bruno Specht handelt es sich um einen vormaligen Chefinspektor des Wiener Landeskriminalamts.<\/p>\n<p>Er ist ein besonnener, empathischer und sehr liberal gepr\u00e4gter Mann, dem es gelungen ist, sich trotz seines belastenden und herausfordernden Berufs als\u00a0 Leiter der Abteilung Leib\/Leben, also der Mordkommission, eine positive Einstellung zum Leben zu bewahren &#8211; was nicht zuletzt seinem langj\u00e4hrigen, harmonischen Zusammenleben mit seiner Ehefrau Anna und deren Unterst\u00fctzung in so manch schwieriger beruflicher Lebenssituation und daraus resultierenden Sinnkrise geschuldet ist.<\/p>\n<p>Bruno Specht ist ein Philosoph und Menschenfreund, er liebt gutes, bodenst\u00e4ndiges Essen, trinkt zwischendurch gerne auch ein Glas Bier oder Wein, und nach seiner\u00a0 Pensionierung genie\u00dft er es nun, sich vermehrt in seine geliebten Geschichtsb\u00fccher zu vertiefen &#8211; und gemeinsam mit Anna sukzessive alle \u00f6sterreichischen Bundesl\u00e4nder zu bereisen und zu erkunden.<\/p>\n<p>Aber: Einmal Polizist, immer Polizist!<br \/>\nUnd so\u00a0 kann Bruno Specht von seiner vormaligen Profession auch nach seiner Pensionierung nicht ganz loslassen, zumal\u00a0 &#8211; wie der Zufallen es so will &#8211; er im Zuge dieser Reisen auf so manch spannenden Kriminalfall st\u00f6\u00dft &#8230;<\/p>\n","protected":false},"excerpt":{"rendered":"<p>Bei unserem Protagonisten Bruno Specht handelt es sich um einen vormaligen Chefinspektor des Wiener Landeskriminalamts. Er ist ein besonnener, empathischer und sehr liberal gepr\u00e4gter Mann, dem es gelungen ist, sich trotz seines belastenden und herausfordernden Berufs als\u00a0 Leiter der Abteilung Leib\/Leben, also der Mordkommission, eine positive Einstellung zum Leben zu bewahren &#8211; was nicht zuletzt [&hellip;]<\/p>\n","protected":false},"author":1,"featured_media":0,"parent":0,"menu_order":0,"comment_status":"open","ping_status":"open","template":"","meta":[],"_links":{"self":[{"href":"http:\/\/www.specht-krimis.at\/index.php?rest_route=\/wp\/v2\/pages\/320"}],"collection":[{"href":"http:\/\/www.specht-krimis.at\/index.php?rest_route=\/wp\/v2\/pages"}],"about":[{"href":"http:\/\/www.specht-krimis.at\/index.php?rest_route=\/wp\/v2\/types\/page"}],"author":[{"embeddable":true,"href":"http:\/\/www.specht-krimis.at\/index.php?rest_route=\/wp\/v2\/users\/1"}],"replies":[{"embeddable":true,"href":"http:\/\/www.specht-krimis.at\/index.php?rest_route=%2Fwp%2Fv2%2Fcomments&post=320"}],"version-history":[{"count":6,"href":"http:\/\/www.specht-krimis.at\/index.php?rest_route=\/wp\/v2\/pages\/320\/revisions"}],"predecessor-version":[{"id":981,"href":"http:\/\/www.specht-krimis.at\/index.php?rest_route=\/wp\/v2\/pages\/320\/revisions\/981"}],"wp:attachment":[{"href":"http:\/\/www.specht-krimis.at\/index.php?rest_route=%2Fwp%2Fv2%2Fmedia&parent=320"}],"curies":[{"name":"wp","href":"https:\/\/api.w.org\/{rel}","templated":true}]}}